{"id":12,"date":"2022-04-30T08:04:10","date_gmt":"2022-04-30T08:04:10","guid":{"rendered":"http:\/\/arvikaskincare.se\/?page_id=12"},"modified":"2022-04-30T11:19:56","modified_gmt":"2022-04-30T09:19:56","slug":"behandlingar","status":"publish","type":"page","link":"http:\/\/arvikaskincare.se\/index.php\/behandlingar\/","title":{"rendered":"Behandlingar"},"content":{"rendered":"\n<p><strong>ANSIKTSBEHANDLING<\/strong><br><br><strong>Klassisk Ansiktsbehandling 60 min 590 kr<\/strong><br>En reng\u00f6rande och cellf\u00f6rnyande behandling med aha-peeling och stimulerande massage.<br>Reng\u00f6ring, peeling, port\u00f6mning, ansiktsmassage, mask, serum och cr\u00e9me.<br>F\u00f6r alla hudtyper.<br><br><strong>Klassisk Ansiktsbehandling 90 min 820 kr<\/strong><br>En avslappnande behandling till sp\u00e4nd och tr\u00f6tt ansiktsmuskulatur. Aha-peeling och stimulerande massage. Behandlingen inkluderar den lyxiga &#8221;guldmasken&#8221; som intensivt \u00e5terfuktar, reparerar och skyddar huden. Brynformning ing\u00e5r.<br>Reng\u00f6ring, peeling, port\u00f6mning, formning av bryn, ansiktsmassage, mask, handmassage, serum och cr\u00e9me.<br>F\u00f6r alla hudtyper.<br><br><strong>Djuprensande behandling 60 min 590 kr<\/strong><br>En djuprensande och djupverkande behandling med fokus p\u00e5 port\u00f6mning. Minimerar orenheter, \u00f6verskottstalg och ger en klarare hud.<br>Reng\u00f6ring, peeling, port\u00f6mning, mask, serum och cr\u00e9me.<br>F\u00f6r akne, oren och\/eller fet hud.<br><br><strong>Kurbehandling ansikte 45 min 490 kr<\/strong><br>En kurbehandling f\u00f6r dig som vill jobba p\u00e5 matt och livl\u00f6s hy, fina linjer, rynkor, pigmentf\u00f6r\u00e4ndringar, oj\u00e4mnheter eller f\u00f6rstorade porer och acne. F\u00f6r b\u00e4sta resultat rekommenderas 6-10 behandlingar med 1-2 veckors mellanrum.<br><br><strong>F\u00e4rgning av fransar och bryn 250 kr<\/strong><br>1\/2 priset i samband med ansiktsbeh.<br><br><br><strong>MASSAGE<\/strong><br><br><strong>Avslappnande helkroppsmassage 60 min 590 kr<\/strong><br>En avslappnande spa-massage f\u00f6r kropp och sj\u00e4l. Kroppen masseras med Exuviance behandlande massagekr\u00e4m med pha som \u00e5terfuktar, peelar och stimulerar hudens cellf\u00f6rnyelse.<br><br><strong>Klassisk helkroppsmassage 60 min 590 kr<\/strong><br>Muskelmassage med mandelolja.<br><br><strong>Klassisk ryggmassage 30 min 350 kr<\/strong><br>Muskelmassage med mandelolja.<br><br><br><strong>KROPPSBEHANDLING<\/strong><br><br><strong>Kroppsbehandling 90 min 820 kr<\/strong><strong><br><\/strong>En behandling som \u00e4r exfolierande, \u00e5terfuktande och avslappnande. En bodypeel med 15% syra appliceras p\u00e5 kroppen som sedan packas in. Som avslutning masseras hela kroppen med en lotion som stimulerar cellf\u00f6rnyelsen, genomfuktar och st\u00e4rker huden.<br><br><strong><br><\/strong><strong>VAXNING<br><br><\/strong>F\u00f6rdelen med vaxning \u00e4r att h\u00e5rstr\u00e5et kommer upp med h\u00e5rroten och d\u00e4rmed f\u00f6rdr\u00f6js utv\u00e4xten 4-5 veckor. Utv\u00e4xten blir ocks\u00e5 mjukare och kan till och med minska vid regelbunden vaxning.<br>H\u00e5ret b\u00f6r vara minst 0,5cm f\u00f6r b\u00e4sta vaxresultat.<br><strong><br>Vax halva ben 300 kr<br><br>Vax hela ben 500 kr<br><br>Vax bikini 300 kr<br><br>Vax axill\/armh\u00e5la 300 kr<br><br>Vax halva ben + bikini 500 kr<br><br>Vax halva ben + axill\/armh\u00e5la 500 kr<br><br>Vax rygg\u00a0300 kr<br><br>Vax br\u00f6st 300 kr<br><\/strong><br>F\u00f6r vaxning i ansiktet kontakta mig f\u00f6r konsultation.<\/p>\n\n\n\n<p><\/p>\n","protected":false},"excerpt":{"rendered":"<p>ANSIKTSBEHANDLING Klassisk Ansiktsbehandling 60 min 590 krEn reng\u00f6rande och cellf\u00f6rnyande behandling med aha-peeling och stimulerande massage.Reng\u00f6ring, peeling, port\u00f6mning, ansiktsmassage, mask, serum och cr\u00e9me.F\u00f6r alla hudtyper. Klassisk Ansiktsbehandling 90 min 820 krEn avslappnande behandling till sp\u00e4nd och tr\u00f6tt ansiktsmuskulatur. Aha-peeling och stimulerande massage. Behandlingen inkluderar den lyxiga &#8221;guldmasken&#8221; som intensivt \u00e5terfuktar, reparerar och skyddar huden. Brynformning [&hellip;]<\/p>\n","protected":false},"author":1,"featured_media":0,"parent":0,"menu_order":0,"comment_status":"closed","ping_status":"closed","template":"","meta":{"inline_featured_image":false,"footnotes":""},"class_list":["post-12","page","type-page","status-publish","hentry"],"_links":{"self":[{"href":"http:\/\/arvikaskincare.se\/index.php\/wp-json\/wp\/v2\/pages\/12","targetHints":{"allow":["GET"]}}],"collection":[{"href":"http:\/\/arvikaskincare.se\/index.php\/wp-json\/wp\/v2\/pages"}],"about":[{"href":"http:\/\/arvikaskincare.se\/index.php\/wp-json\/wp\/v2\/types\/page"}],"author":[{"embeddable":true,"href":"http:\/\/arvikaskincare.se\/index.php\/wp-json\/wp\/v2\/users\/1"}],"replies":[{"embeddable":true,"href":"http:\/\/arvikaskincare.se\/index.php\/wp-json\/wp\/v2\/comments?post=12"}],"version-history":[{"count":5,"href":"http:\/\/arvikaskincare.se\/index.php\/wp-json\/wp\/v2\/pages\/12\/revisions"}],"predecessor-version":[{"id":45,"href":"http:\/\/arvikaskincare.se\/index.php\/wp-json\/wp\/v2\/pages\/12\/revisions\/45"}],"wp:attachment":[{"href":"http:\/\/arvikaskincare.se\/index.php\/wp-json\/wp\/v2\/media?parent=12"}],"curies":[{"name":"wp","href":"https:\/\/api.w.org\/{rel}","templated":true}]}}