{"id":37,"date":"2022-04-30T11:07:02","date_gmt":"2022-04-30T09:07:02","guid":{"rendered":"http:\/\/arvikaskincare.se\/?page_id=37"},"modified":"2022-04-30T11:18:56","modified_gmt":"2022-04-30T09:18:56","slug":"om-foretaget","status":"publish","type":"page","link":"http:\/\/arvikaskincare.se\/index.php\/om-foretaget\/","title":{"rendered":"Om f\u00f6retaget"},"content":{"rendered":"\n<p>Jag heter Kajsa och har jobbat som auktoriserad hudterapeut sedan v\u00e5ren 2006. Genom min utbildning p\u00e5 Gildaskolan har jag diplom fr\u00e5n SHR (Sveriges Hudterapeuters Riksorganisation) och Cidesco.<br><br>F\u00f6r dig som kund s\u00e5 inneb\u00e4r det en trygghet d\u00e5 jag&nbsp;\u00e4r ansluten till&nbsp;en organisation som kr\u00e4ver h\u00f6g kompetens och kvalite p\u00e5 sina medlemmar.<br><br>Vi jobbar efter etiska regler och innehar behandlingsskadef\u00f6rs\u00e4kring.<\/p>\n\n\n\n<p>Arvika Skincare startades 2016 och sedan 2022 finns salongen p\u00e5 Sj\u00f6gatan 7<\/p>\n\n\n\n<p>V\u00e4lkommen \/Kajsa<\/p>\n\n\n\n<figure class=\"wp-block-image size-full is-resized\"><img loading=\"lazy\" decoding=\"async\" src=\"http:\/\/arvikaskincare.se\/wp-content\/uploads\/2022\/04\/profilbild1vit.jpg\" alt=\"\" class=\"wp-image-38\" width=\"205\" height=\"255\" srcset=\"http:\/\/arvikaskincare.se\/wp-content\/uploads\/2022\/04\/profilbild1vit.jpg 460w, http:\/\/arvikaskincare.se\/wp-content\/uploads\/2022\/04\/profilbild1vit-241x300.jpg 241w\" sizes=\"auto, (max-width: 205px) 100vw, 205px\" \/><\/figure>\n","protected":false},"excerpt":{"rendered":"<p>Jag heter Kajsa och har jobbat som auktoriserad hudterapeut sedan v\u00e5ren 2006. Genom min utbildning p\u00e5 Gildaskolan har jag diplom fr\u00e5n SHR (Sveriges Hudterapeuters Riksorganisation) och Cidesco. F\u00f6r dig som kund s\u00e5 inneb\u00e4r det en trygghet d\u00e5 jag&nbsp;\u00e4r ansluten till&nbsp;en organisation som kr\u00e4ver h\u00f6g kompetens och kvalite p\u00e5 sina medlemmar. Vi jobbar efter etiska regler [&hellip;]<\/p>\n","protected":false},"author":1,"featured_media":0,"parent":0,"menu_order":0,"comment_status":"closed","ping_status":"closed","template":"","meta":{"inline_featured_image":false,"footnotes":""},"class_list":["post-37","page","type-page","status-publish","hentry"],"_links":{"self":[{"href":"http:\/\/arvikaskincare.se\/index.php\/wp-json\/wp\/v2\/pages\/37","targetHints":{"allow":["GET"]}}],"collection":[{"href":"http:\/\/arvikaskincare.se\/index.php\/wp-json\/wp\/v2\/pages"}],"about":[{"href":"http:\/\/arvikaskincare.se\/index.php\/wp-json\/wp\/v2\/types\/page"}],"author":[{"embeddable":true,"href":"http:\/\/arvikaskincare.se\/index.php\/wp-json\/wp\/v2\/users\/1"}],"replies":[{"embeddable":true,"href":"http:\/\/arvikaskincare.se\/index.php\/wp-json\/wp\/v2\/comments?post=37"}],"version-history":[{"count":2,"href":"http:\/\/arvikaskincare.se\/index.php\/wp-json\/wp\/v2\/pages\/37\/revisions"}],"predecessor-version":[{"id":44,"href":"http:\/\/arvikaskincare.se\/index.php\/wp-json\/wp\/v2\/pages\/37\/revisions\/44"}],"wp:attachment":[{"href":"http:\/\/arvikaskincare.se\/index.php\/wp-json\/wp\/v2\/media?parent=37"}],"curies":[{"name":"wp","href":"https:\/\/api.w.org\/{rel}","templated":true}]}}